{"id":108,"date":"2013-12-15T16:40:15","date_gmt":"2013-12-15T15:40:15","guid":{"rendered":"http:\/\/latelierdediablotin.fr\/WordPress3\/?page_id=108"},"modified":"2025-11-29T11:10:11","modified_gmt":"2025-11-29T10:10:11","slug":"pour-lile-deserte","status":"publish","type":"page","link":"https:\/\/latelierdediablotin.fr\/WordPress3\/pour-lile-deserte\/","title":{"rendered":"MON \u00ceLE D\u00c9SERTE"},"content":{"rendered":"<p style=\"text-align: justify;\"><i><span style=\"color: #000000; font-size: medium;\">Privil\u00e8ge de l\u2019\u00e2ge, mes go\u00fbts ont peu chang\u00e9 et sur mon \u00eele d\u00e9serte, j\u2019emm\u00e8nerai de la musique, un livre et sans doute quelques films pour affronter les grands froids\u2026 Il fallait faire un choix, forc\u00e9ment tr\u00e8s restreint, mon \u00eele d\u00e9serte est toute petite ! J\u2019emporterai avec moi le strict indispensable \u00e0 une survie dans de bonnes conditions\u2026 Et choisir, c\u2019est n\u00e9cessairement \u00e9liminer ! -Cliquer sur les <\/span><span style=\"color: #000000;\"><span style=\"caret-color: #000000;\">images pour<\/span><\/span><span style=\"color: #000000; font-size: medium;\"> les voir en plus grand-.<\/span><\/i><\/p>\n<p style=\"text-align: justify;\"><span style=\"text-decoration: underline;\"><strong><span style=\"font-size: 14pt;\">Musique classique :<\/span><\/strong><\/span><\/p>\n<p style=\"text-align: justify;\"><strong>\u2022 Bach : <\/strong>32 variations Goldberg, Glenn Gould<br \/>\n<strong>\u2022 Beethoven :<\/strong> les 9 symphonies, Orchestre philharmonique de Berlin, Herbert von Karajan- Sonates pour piano, Emil Gilels<br \/>\n<strong>\u2022 Bruckner :<\/strong> symphonie n\u00b08, Orchestre philharmonique de Vienne, Herbert von Karajan<a href=\"https:\/\/latelierdediablotin.fr\/WordPress3\/wp-content\/uploads\/2024\/11\/IleDeserte_1_112024.jpg\"><br \/>\n<img loading=\"lazy\" decoding=\"async\" class=\"aligncenter wp-image-13703\" src=\"https:\/\/latelierdediablotin.fr\/WordPress3\/wp-content\/uploads\/2024\/11\/IleDeserte_1_112024.jpg\" alt=\"\" width=\"1250\" height=\"508\" srcset=\"https:\/\/latelierdediablotin.fr\/WordPress3\/wp-content\/uploads\/2024\/11\/IleDeserte_1_112024.jpg 1566w, https:\/\/latelierdediablotin.fr\/WordPress3\/wp-content\/uploads\/2024\/11\/IleDeserte_1_112024-300x122.jpg 300w, https:\/\/latelierdediablotin.fr\/WordPress3\/wp-content\/uploads\/2024\/11\/IleDeserte_1_112024-1024x417.jpg 1024w, https:\/\/latelierdediablotin.fr\/WordPress3\/wp-content\/uploads\/2024\/11\/IleDeserte_1_112024-768x312.jpg 768w, https:\/\/latelierdediablotin.fr\/WordPress3\/wp-content\/uploads\/2024\/11\/IleDeserte_1_112024-1536x625.jpg 1536w\" sizes=\"auto, (max-width: 1250px) 100vw, 1250px\" \/><\/a><\/p>\n<p><strong>\u2022 Elgar :<\/strong> variations Enigma, Orchestre philharmonique tch\u00e8que, Leopold Stokowski<br \/>\n<strong>\u2022 Handel :<\/strong> Messiah, Solistes, The English Concert &amp; Choir, Trevor Pinnock<br \/>\n<strong>\u2022 Mendelssohn :<\/strong> les 5 symphonies, Orchestre philharmonique de Vienne, Christoph von Dohn\u00e1nyi<br \/>\n<strong>\u2022 Sibelius :<\/strong> The Essential Sibelius, \u00e9dition BIS<br \/>\n<strong>\u2022 Wagner :<\/strong> Der Ring Des Nibelungen, solistes, Choeurs et orchestre du festival de Bayreuth, Clemens Krauss<\/p>\n<p><a href=\"https:\/\/latelierdediablotin.fr\/WordPress3\/wp-content\/uploads\/2024\/11\/IleDeserte_2_112024.jpg\"><img loading=\"lazy\" decoding=\"async\" class=\"aligncenter size-full wp-image-13704\" src=\"https:\/\/latelierdediablotin.fr\/WordPress3\/wp-content\/uploads\/2024\/11\/IleDeserte_2_112024.jpg\" alt=\"\" width=\"1250\" height=\"519\" srcset=\"https:\/\/latelierdediablotin.fr\/WordPress3\/wp-content\/uploads\/2024\/11\/IleDeserte_2_112024.jpg 1250w, https:\/\/latelierdediablotin.fr\/WordPress3\/wp-content\/uploads\/2024\/11\/IleDeserte_2_112024-300x125.jpg 300w, https:\/\/latelierdediablotin.fr\/WordPress3\/wp-content\/uploads\/2024\/11\/IleDeserte_2_112024-1024x425.jpg 1024w, https:\/\/latelierdediablotin.fr\/WordPress3\/wp-content\/uploads\/2024\/11\/IleDeserte_2_112024-768x319.jpg 768w\" sizes=\"auto, (max-width: 1250px) 100vw, 1250px\" \/><\/a><\/p>\n<p><span style=\"text-decoration: underline; font-size: 14pt;\"><strong>Musique Pop-Rock<\/strong><\/span><\/p>\n<p><strong>\u2022 The Beach Boys : <\/strong>Pet Sounds<br \/>\n<strong>\u2022 The Cure :<\/strong> Pornography<br \/>\n<strong>\u2022 The Flamin&rsquo;Groovies :<\/strong> Supersnazz<br \/>\n<strong>\u2022 John Mayall :<\/strong> Blues From Laurel Canyon<br \/>\n<strong>\u2022 The Rolling Stones :<\/strong> Between The Buttons ; Beggars Banquet ; Brussels Affair<\/p>\n<p><a href=\"https:\/\/latelierdediablotin.fr\/WordPress3\/wp-content\/uploads\/2024\/11\/IleDeserte_3_112024.jpg\"><br \/>\n<img loading=\"lazy\" decoding=\"async\" class=\"aligncenter size-full wp-image-13705\" src=\"https:\/\/latelierdediablotin.fr\/WordPress3\/wp-content\/uploads\/2024\/11\/IleDeserte_3_112024.jpg\" alt=\"\" width=\"1250\" height=\"536\" srcset=\"https:\/\/latelierdediablotin.fr\/WordPress3\/wp-content\/uploads\/2024\/11\/IleDeserte_3_112024.jpg 1250w, https:\/\/latelierdediablotin.fr\/WordPress3\/wp-content\/uploads\/2024\/11\/IleDeserte_3_112024-300x129.jpg 300w, https:\/\/latelierdediablotin.fr\/WordPress3\/wp-content\/uploads\/2024\/11\/IleDeserte_3_112024-1024x439.jpg 1024w, https:\/\/latelierdediablotin.fr\/WordPress3\/wp-content\/uploads\/2024\/11\/IleDeserte_3_112024-768x329.jpg 768w\" sizes=\"auto, (max-width: 1250px) 100vw, 1250px\" \/><\/a><\/p>\n<p><span style=\"text-decoration: underline; font-size: 14pt;\"><strong>Lecture &#8211; Film<\/strong><\/span><\/p>\n<p style=\"text-align: justify;\"><a href=\"https:\/\/latelierdediablotin.fr\/WordPress3\/wp-content\/uploads\/2013\/12\/ID10.png\"><img loading=\"lazy\" decoding=\"async\" class=\"alignleft wp-image-133\" src=\"https:\/\/latelierdediablotin.fr\/WordPress3\/wp-content\/uploads\/2013\/12\/ID10-188x300.png\" alt=\"ID10\" width=\"150\" height=\"240\" srcset=\"https:\/\/latelierdediablotin.fr\/WordPress3\/wp-content\/uploads\/2013\/12\/ID10-188x300.png 188w, https:\/\/latelierdediablotin.fr\/WordPress3\/wp-content\/uploads\/2013\/12\/ID10-94x150.png 94w\" sizes=\"auto, (max-width: 150px) 100vw, 150px\" \/><\/a><a href=\"https:\/\/latelierdediablotin.fr\/WordPress3\/wp-content\/uploads\/2013\/12\/Lubitsch_Shop.jpg\"><img loading=\"lazy\" decoding=\"async\" class=\"alignright wp-image-136\" src=\"https:\/\/latelierdediablotin.fr\/WordPress3\/wp-content\/uploads\/2013\/12\/Lubitsch_Shop-213x300.jpg\" alt=\"Lubitsch_Shop\" width=\"154\" height=\"216\" srcset=\"https:\/\/latelierdediablotin.fr\/WordPress3\/wp-content\/uploads\/2013\/12\/Lubitsch_Shop-213x300.jpg 213w, https:\/\/latelierdediablotin.fr\/WordPress3\/wp-content\/uploads\/2013\/12\/Lubitsch_Shop-106x150.jpg 106w, https:\/\/latelierdediablotin.fr\/WordPress3\/wp-content\/uploads\/2013\/12\/Lubitsch_Shop.jpg 498w\" sizes=\"auto, (max-width: 154px) 100vw, 154px\" \/><\/a>Et s&rsquo;il ne fallait emmener qu&rsquo;un seul livre, c&rsquo;est\u00a0<strong>\u00ab\u00a0Ainsi parlait Zarathoustra\u00a0\u00bb<\/strong> de Nietzsche &#8211;<em>le nom du personnage est aussi compliqu\u00e9 \u00e0 \u00e9crire que le nom de son auteur !<\/em> &#8211; que je prendrais avec moi. \u00ab\u00a0<em>Un livre pour tout le monde et pour personne\u00a0\u00bb<\/em>, tel est son sous-titre. \u00a0C&rsquo;est une oeuvre riche et profonde, \u00e0 lire et \u00e0 relire, sans qu&rsquo;on l&rsquo;\u00e9puise jamais.<\/p>\n<p style=\"text-align: justify;\">Une bonne \u00e9dition bilingue fera parfaitement l&rsquo;affaire, les traductions fran\u00e7aises \u00e9tant par ailleurs tr\u00e8s in\u00e9gales, et la clart\u00e9 de la langue de Nietzsche \u00e9tant quasiment sans \u00e9gale chez ses compatriotes.<\/p>\n<p style=\"text-align: justify;\">J&#8217;emm\u00e8nerai, enfin, quelques films. Du Lubitsch ; <strong>\u2022<\/strong>\u00a0<strong>The shop around the corner<\/strong>\u00a0&#8211;<span style=\"font-size: small;\"><em><a href=\"http:\/\/www.dvdclassik.com\/critique\/rendez-vous-lubitsch\" target=\"_blank\" rel=\"noopener\">le plus beau film du monde ?<\/a><\/em><\/span>-et <strong>\u2022<\/strong>\u00a0<strong>Cluny Brown<\/strong>; du Lynch : <strong>\u2022<\/strong>\u00a0<strong>Wild at heart<\/strong>; du Chaplin : <strong>\u2022<\/strong>\u00a0<strong>Le dictateur<\/strong>\u00a0et <strong>\u2022<\/strong>\u00a0<strong>Les temps modernes<\/strong>. Et puis quelques autres, mais ceux-ci sont incontournables !<\/p>\n<hr \/>\n<p>&nbsp;<\/p>\n","protected":false},"excerpt":{"rendered":"<p>Privil\u00e8ge de l\u2019\u00e2ge, mes go\u00fbts ont peu chang\u00e9 et sur mon \u00eele d\u00e9serte, j\u2019emm\u00e8nerai de la musique, un livre et sans doute quelques films pour affronter les grands froids\u2026 Il fallait faire un choix, forc\u00e9ment tr\u00e8s restreint, mon \u00eele d\u00e9serte est toute petite ! J\u2019emporterai avec moi le strict indispensable \u00e0 une survie dans de [&hellip;]<\/p>\n","protected":false},"author":667,"featured_media":5759,"parent":0,"menu_order":0,"comment_status":"open","ping_status":"closed","template":"","meta":{"site-sidebar-layout":"no-sidebar","site-content-layout":"","ast-site-content-layout":"default","site-content-style":"default","site-sidebar-style":"default","ast-global-header-display":"","ast-banner-title-visibility":"","ast-main-header-display":"","ast-hfb-above-header-display":"","ast-hfb-below-header-display":"","ast-hfb-mobile-header-display":"","site-post-title":"","ast-breadcrumbs-content":"","ast-featured-img":"","footer-sml-layout":"","ast-disable-related-posts":"","theme-transparent-header-meta":"default","adv-header-id-meta":"","stick-header-meta":"","header-above-stick-meta":"","header-main-stick-meta":"","header-below-stick-meta":"","astra-migrate-meta-layouts":"set","ast-page-background-enabled":"default","ast-page-background-meta":{"desktop":{"background-color":"var(--ast-global-color-4)","background-image":"","background-repeat":"repeat","background-position":"center center","background-size":"auto","background-attachment":"scroll","background-type":"","background-media":"","overlay-type":"","overlay-color":"","overlay-opacity":"","overlay-gradient":""},"tablet":{"background-color":"","background-image":"","background-repeat":"repeat","background-position":"center center","background-size":"auto","background-attachment":"scroll","background-type":"","background-media":"","overlay-type":"","overlay-color":"","overlay-opacity":"","overlay-gradient":""},"mobile":{"background-color":"","background-image":"","background-repeat":"repeat","background-position":"center center","background-size":"auto","background-attachment":"scroll","background-type":"","background-media":"","overlay-type":"","overlay-color":"","overlay-opacity":"","overlay-gradient":""}},"ast-content-background-meta":{"desktop":{"background-color":"var(--ast-global-color-5)","background-image":"","background-repeat":"repeat","background-position":"center center","background-size":"auto","background-attachment":"scroll","background-type":"","background-media":"","overlay-type":"","overlay-color":"","overlay-opacity":"","overlay-gradient":""},"tablet":{"background-color":"var(--ast-global-color-5)","background-image":"","background-repeat":"repeat","background-position":"center center","background-size":"auto","background-attachment":"scroll","background-type":"","background-media":"","overlay-type":"","overlay-color":"","overlay-opacity":"","overlay-gradient":""},"mobile":{"background-color":"var(--ast-global-color-5)","background-image":"","background-repeat":"repeat","background-position":"center center","background-size":"auto","background-attachment":"scroll","background-type":"","background-media":"","overlay-type":"","overlay-color":"","overlay-opacity":"","overlay-gradient":""}},"footnotes":""},"class_list":["post-108","page","type-page","status-publish","has-post-thumbnail","hentry"],"_links":{"self":[{"href":"https:\/\/latelierdediablotin.fr\/WordPress3\/wp-json\/wp\/v2\/pages\/108","targetHints":{"allow":["GET"]}}],"collection":[{"href":"https:\/\/latelierdediablotin.fr\/WordPress3\/wp-json\/wp\/v2\/pages"}],"about":[{"href":"https:\/\/latelierdediablotin.fr\/WordPress3\/wp-json\/wp\/v2\/types\/page"}],"author":[{"embeddable":true,"href":"https:\/\/latelierdediablotin.fr\/WordPress3\/wp-json\/wp\/v2\/users\/667"}],"replies":[{"embeddable":true,"href":"https:\/\/latelierdediablotin.fr\/WordPress3\/wp-json\/wp\/v2\/comments?post=108"}],"version-history":[{"count":0,"href":"https:\/\/latelierdediablotin.fr\/WordPress3\/wp-json\/wp\/v2\/pages\/108\/revisions"}],"wp:featuredmedia":[{"embeddable":true,"href":"https:\/\/latelierdediablotin.fr\/WordPress3\/wp-json\/wp\/v2\/media\/5759"}],"wp:attachment":[{"href":"https:\/\/latelierdediablotin.fr\/WordPress3\/wp-json\/wp\/v2\/media?parent=108"}],"curies":[{"name":"wp","href":"https:\/\/api.w.org\/{rel}","templated":true}]}}