{"id":48,"date":"2013-12-15T09:53:35","date_gmt":"2013-12-15T08:53:35","guid":{"rendered":"http:\/\/latelierdediablotin.fr\/WordPress3\/?page_id=48"},"modified":"2026-04-10T09:03:52","modified_gmt":"2026-04-10T07:03:52","slug":"photos","status":"publish","type":"page","link":"https:\/\/latelierdediablotin.fr\/WordPress3\/photos\/","title":{"rendered":"PHOTOS"},"content":{"rendered":"<p style=\"text-align: justify;\"><span style=\"font-size: 16pt; color: #0000ff;\"><strong>\u2022 <span style=\"text-decoration: underline;\">Mat\u00e9riel&#8230;<\/span><\/strong><\/span><br \/>\nDepuis mars 2026, j&rsquo;utilise principalement :<br \/>\n<strong>\u2022 1 Nikon Hybride Z50<\/strong> &#8211;<em>prises de vue en RAW<\/em>-, sur lequel est actuellement mont\u00e9 un objectif transtandard stabilis\u00e9 <strong>Nikkor 18-140 DX<\/strong> &#8211;<em>\u00e9quivalent 27-300 mm<\/em>-. Ce n&rsquo;est pas le plus lumineux des objectifs, mais il est dot\u00e9 d&rsquo;un tr\u00e8s bon piqu\u00e9.<\/p>\n<p><a href=\"https:\/\/latelierdediablotin.fr\/WordPress3\/wp-content\/uploads\/2026\/03\/NikonZ50_18-140DX.webp\"><img loading=\"lazy\" decoding=\"async\" class=\"aligncenter size-full wp-image-17621\" src=\"https:\/\/latelierdediablotin.fr\/WordPress3\/wp-content\/uploads\/2026\/03\/NikonZ50_18-140DX.webp\" alt=\"\" width=\"1407\" height=\"499\" srcset=\"https:\/\/latelierdediablotin.fr\/WordPress3\/wp-content\/uploads\/2026\/03\/NikonZ50_18-140DX.webp 1407w, https:\/\/latelierdediablotin.fr\/WordPress3\/wp-content\/uploads\/2026\/03\/NikonZ50_18-140DX-300x106.webp 300w, https:\/\/latelierdediablotin.fr\/WordPress3\/wp-content\/uploads\/2026\/03\/NikonZ50_18-140DX-1024x363.webp 1024w, https:\/\/latelierdediablotin.fr\/WordPress3\/wp-content\/uploads\/2026\/03\/NikonZ50_18-140DX-768x272.webp 768w\" sizes=\"auto, (max-width: 1407px) 100vw, 1407px\" \/><\/a><\/p>\n<p style=\"text-align: justify;\">Dans l&rsquo;attente de l&rsquo;achat d&rsquo;une <strong>bague FTZ<\/strong> qui me permettra d&rsquo;y monter d&rsquo;autres objectifs, j&rsquo;utilise accessoirement :<br \/>\n<strong>\u2022 1 Nikon D7100<\/strong> pour mes prises de vue en RAW, reflet qui aurait sans doute besoin d&rsquo;un bon nettoyage, et accompagn\u00e9 de 3 objectifs au format DX :<br \/>\n<strong>&#8211; 1 x Nikkor 35 mm<\/strong> tr\u00e8s lumineux &#8211;<em>\u00e9quivalent \u00b1 50 mm<\/em>&#8211; ;<br \/>\n<strong>&#8211; 1 x zoom passe-partout Nikkor 18-55<\/strong> &#8211;<em>\u00e9quivalent \u00b1 30-80 mm<\/em>&#8211; ;<br \/>\n<strong>&#8211; 1 x zoom t\u00e9l\u00e9-objectif Nikkor 70-3<em>00 &#8211;<\/em><\/strong><em>\u00e9quivalent \u00b1 105-450 mm<\/em>-.<\/p>\n<p style=\"text-align: justify;\"><strong>\u2022<\/strong> <strong>1 iPhone 14<\/strong>, tr\u00e8s efficace pour des prises de vue inopin\u00e9es au gr\u00e9 de mes p\u00e9r\u00e9grinations&#8230;<\/p>\n<p style=\"text-align: justify;\"><strong>\u2022<\/strong> J&rsquo;ai \u00e9galement <strong>un chouette sac de transport<\/strong> pour promener tout ou partie de ce mat\u00e9riel, ainsi qu&rsquo;un tr\u00e8s bon pied, malheureusement un peu lourd et encombrant, ran\u00e7on de son excellente stabilit\u00e9 !<\/p>\n<p><a href=\"https:\/\/latelierdediablotin.fr\/WordPress3\/wp-content\/uploads\/2024\/11\/Matos_Photo_Site_112024_2.jpg\"><img loading=\"lazy\" decoding=\"async\" class=\"aligncenter size-full wp-image-13712\" src=\"https:\/\/latelierdediablotin.fr\/WordPress3\/wp-content\/uploads\/2024\/11\/Matos_Photo_Site_112024_2.jpg\" alt=\"\" width=\"1296\" height=\"463\" srcset=\"https:\/\/latelierdediablotin.fr\/WordPress3\/wp-content\/uploads\/2024\/11\/Matos_Photo_Site_112024_2.jpg 1296w, https:\/\/latelierdediablotin.fr\/WordPress3\/wp-content\/uploads\/2024\/11\/Matos_Photo_Site_112024_2-300x107.jpg 300w, https:\/\/latelierdediablotin.fr\/WordPress3\/wp-content\/uploads\/2024\/11\/Matos_Photo_Site_112024_2-1024x366.jpg 1024w, https:\/\/latelierdediablotin.fr\/WordPress3\/wp-content\/uploads\/2024\/11\/Matos_Photo_Site_112024_2-768x274.jpg 768w\" sizes=\"auto, (max-width: 1296px) 100vw, 1296px\" \/><\/a><\/p>\n<p style=\"text-align: justify;\"><span style=\"font-size: 16pt; color: #0000ff;\"><strong>\u2022 <span style=\"text-decoration: underline;\">Logiciels&#8230;<\/span><\/strong><\/span><\/p>\n<p style=\"text-align: justify;\"><strong>\u2022<\/strong> Pour le catalogage et l&rsquo;\u00e9dition des photos, <strong>Photos.app<\/strong> d&rsquo;Apple est relativement efficace et d&rsquo;une bonne souplesse, permettant des tris crois\u00e9s assez int\u00e9ressants. Pour le traitement des fichiers bruts, l&rsquo;application reste encore un peu limit\u00e9e, le rachat r\u00e9cent de Pixelmator par Apple viendra peut-\u00eatre bouleverser les choses.<\/p>\n<p style=\"text-align: justify;\"><strong>\u2022<\/strong> En attendant, j&rsquo;utilise <strong>RAW Power<\/strong>, excellent logiciel de traitement assez proche du tr\u00e8s regrett\u00e9 Aperture d&rsquo;Apple, tr\u00e8s bien int\u00e9gr\u00e9 \u00e0 Photos.app de surcro\u00eet. Pour m&rsquo;amuser et aller au-del\u00e0 d&rsquo;un simple traitement des fichiers bruts, <strong>Pixelmator Pro<\/strong> et <strong>Luminar AI<\/strong> font parfaitement mon bonheur !<\/p>\n<p><a href=\"https:\/\/latelierdediablotin.fr\/WordPress3\/wp-content\/uploads\/2024\/11\/RAWPower_Site_112024.jpg\"><img loading=\"lazy\" decoding=\"async\" class=\"aligncenter size-full wp-image-13617\" src=\"https:\/\/latelierdediablotin.fr\/WordPress3\/wp-content\/uploads\/2024\/11\/RAWPower_Site_112024.jpg\" alt=\"\" width=\"1250\" height=\"703\" srcset=\"https:\/\/latelierdediablotin.fr\/WordPress3\/wp-content\/uploads\/2024\/11\/RAWPower_Site_112024.jpg 1250w, https:\/\/latelierdediablotin.fr\/WordPress3\/wp-content\/uploads\/2024\/11\/RAWPower_Site_112024-300x169.jpg 300w, https:\/\/latelierdediablotin.fr\/WordPress3\/wp-content\/uploads\/2024\/11\/RAWPower_Site_112024-1024x576.jpg 1024w, https:\/\/latelierdediablotin.fr\/WordPress3\/wp-content\/uploads\/2024\/11\/RAWPower_Site_112024-768x432.jpg 768w\" sizes=\"auto, (max-width: 1250px) 100vw, 1250px\" \/><\/a><\/p>\n<p style=\"text-align: justify;\"><span style=\"color: #0000ff;\"><strong><span style=\"font-size: 16pt;\"><u>Plus avant dans le temps&#8230;<\/u><\/span><\/strong><\/span><\/p>\n<p style=\"text-align: justify;\"><strong>\u2022<\/strong> Avant d&rsquo;acheter un Reflex, j&rsquo;a eu quelques appareils photo num\u00e9riques : deux \u00ab\u00a0compacts\u00a0\u00bb pour me lancer &#8211;<em><strong>Nikon CoolPix 2100<\/strong><\/em> et <em><strong>Canon PowerShot A70<\/strong><\/em>-, puis deux excellents \u00ab\u00a0bridges\u00a0\u00bb &#8211;<em><strong>Fuji S5600<\/strong><\/em> puis <em><strong>Fuji S200EXR-<\/strong><\/em> qui m&rsquo;ont rendu d&rsquo;innombrables services ! &#8211;<em>Cliquer sur l&rsquo;image pour la voir en plus grand<\/em>-.<\/p>\n<p style=\"text-align: justify;\"><a href=\"https:\/\/latelierdediablotin.fr\/WordPress3\/wp-content\/uploads\/2024\/11\/AppareilsPhotoAnciens_112024.jpg\"><img loading=\"lazy\" decoding=\"async\" class=\"aligncenter size-full wp-image-13693\" src=\"https:\/\/latelierdediablotin.fr\/WordPress3\/wp-content\/uploads\/2024\/11\/AppareilsPhotoAnciens_112024.jpg\" alt=\"\" width=\"1000\" height=\"307\" srcset=\"https:\/\/latelierdediablotin.fr\/WordPress3\/wp-content\/uploads\/2024\/11\/AppareilsPhotoAnciens_112024.jpg 1000w, https:\/\/latelierdediablotin.fr\/WordPress3\/wp-content\/uploads\/2024\/11\/AppareilsPhotoAnciens_112024-300x92.jpg 300w, https:\/\/latelierdediablotin.fr\/WordPress3\/wp-content\/uploads\/2024\/11\/AppareilsPhotoAnciens_112024-768x236.jpg 768w\" sizes=\"auto, (max-width: 1000px) 100vw, 1000px\" \/><\/a><strong>\u2022<\/strong> Puis, mon premier reflex fut un Nikon <strong>D3000<\/strong>, achet\u00e9 neuf et livr\u00e9 avec deux objectifs &#8211;<strong><em>1x 18-55 et 1x 55-200<\/em><\/strong>&#8211; pour une bouch\u00e9e de pain suite \u00e0 une erreur d&rsquo;\u00e9tiquetage en magasin. Il fut compl\u00e9t\u00e9 par un <strong>Objectif Sigma 70-300<\/strong> &#8211;<em>\u00e9quivalent 105-450 en capteur APS-C<\/em>-, \u00e0 l&rsquo;excellent rapport qualit\u00e9-prix, malheureusement difficilement exploitable en mode t\u00e9l\u00e9 du fait de l&rsquo;absence de stabilisation : utilisation du pied obligatoire ! &#8211;<em>Cliquer sur l&rsquo;image pour la voir en plus grand<\/em>-.<\/p>\n<p><a href=\"https:\/\/latelierdediablotin.fr\/WordPress3\/wp-content\/uploads\/2024\/11\/PhotoNikonD3000_112024.jpg\"><img loading=\"lazy\" decoding=\"async\" class=\"aligncenter size-full wp-image-13694\" src=\"https:\/\/latelierdediablotin.fr\/WordPress3\/wp-content\/uploads\/2024\/11\/PhotoNikonD3000_112024.jpg\" alt=\"\" width=\"1000\" height=\"337\" srcset=\"https:\/\/latelierdediablotin.fr\/WordPress3\/wp-content\/uploads\/2024\/11\/PhotoNikonD3000_112024.jpg 1000w, https:\/\/latelierdediablotin.fr\/WordPress3\/wp-content\/uploads\/2024\/11\/PhotoNikonD3000_112024-300x101.jpg 300w, https:\/\/latelierdediablotin.fr\/WordPress3\/wp-content\/uploads\/2024\/11\/PhotoNikonD3000_112024-768x259.jpg 768w\" sizes=\"auto, (max-width: 1000px) 100vw, 1000px\" \/><\/a><\/p>\n<hr \/>\n<p>&nbsp;<\/p>\n","protected":false},"excerpt":{"rendered":"<p>\u2022 Mat\u00e9riel&#8230; Depuis mars 2026, j&rsquo;utilise principalement : \u2022 1 Nikon Hybride Z50 &#8211;prises de vue en RAW-, sur lequel est actuellement mont\u00e9 un objectif transtandard stabilis\u00e9 Nikkor 18-140 DX &#8211;\u00e9quivalent 27-300 mm-. Ce n&rsquo;est pas le plus lumineux des objectifs, mais il est dot\u00e9 d&rsquo;un tr\u00e8s bon piqu\u00e9. Dans l&rsquo;attente de l&rsquo;achat d&rsquo;une bague [&hellip;]<\/p>\n","protected":false},"author":667,"featured_media":17853,"parent":0,"menu_order":0,"comment_status":"open","ping_status":"closed","template":"","meta":{"site-sidebar-layout":"no-sidebar","site-content-layout":"","ast-site-content-layout":"normal-width-container","site-content-style":"default","site-sidebar-style":"default","ast-global-header-display":"","ast-banner-title-visibility":"","ast-main-header-display":"","ast-hfb-above-header-display":"","ast-hfb-below-header-display":"","ast-hfb-mobile-header-display":"","site-post-title":"","ast-breadcrumbs-content":"","ast-featured-img":"","footer-sml-layout":"","ast-disable-related-posts":"","theme-transparent-header-meta":"default","adv-header-id-meta":"","stick-header-meta":"","header-above-stick-meta":"","header-main-stick-meta":"","header-below-stick-meta":"","astra-migrate-meta-layouts":"set","ast-page-background-enabled":"default","ast-page-background-meta":{"desktop":{"background-color":"var(--ast-global-color-4)","background-image":"","background-repeat":"repeat","background-position":"center center","background-size":"auto","background-attachment":"scroll","background-type":"","background-media":"","overlay-type":"","overlay-color":"","overlay-opacity":"","overlay-gradient":""},"tablet":{"background-color":"","background-image":"","background-repeat":"repeat","background-position":"center center","background-size":"auto","background-attachment":"scroll","background-type":"","background-media":"","overlay-type":"","overlay-color":"","overlay-opacity":"","overlay-gradient":""},"mobile":{"background-color":"","background-image":"","background-repeat":"repeat","background-position":"center center","background-size":"auto","background-attachment":"scroll","background-type":"","background-media":"","overlay-type":"","overlay-color":"","overlay-opacity":"","overlay-gradient":""}},"ast-content-background-meta":{"desktop":{"background-color":"var(--ast-global-color-5)","background-image":"","background-repeat":"repeat","background-position":"center center","background-size":"auto","background-attachment":"scroll","background-type":"","background-media":"","overlay-type":"","overlay-color":"","overlay-opacity":"","overlay-gradient":""},"tablet":{"background-color":"var(--ast-global-color-5)","background-image":"","background-repeat":"repeat","background-position":"center center","background-size":"auto","background-attachment":"scroll","background-type":"","background-media":"","overlay-type":"","overlay-color":"","overlay-opacity":"","overlay-gradient":""},"mobile":{"background-color":"var(--ast-global-color-5)","background-image":"","background-repeat":"repeat","background-position":"center center","background-size":"auto","background-attachment":"scroll","background-type":"","background-media":"","overlay-type":"","overlay-color":"","overlay-opacity":"","overlay-gradient":""}},"footnotes":""},"class_list":["post-48","page","type-page","status-publish","has-post-thumbnail","hentry"],"_links":{"self":[{"href":"https:\/\/latelierdediablotin.fr\/WordPress3\/wp-json\/wp\/v2\/pages\/48","targetHints":{"allow":["GET"]}}],"collection":[{"href":"https:\/\/latelierdediablotin.fr\/WordPress3\/wp-json\/wp\/v2\/pages"}],"about":[{"href":"https:\/\/latelierdediablotin.fr\/WordPress3\/wp-json\/wp\/v2\/types\/page"}],"author":[{"embeddable":true,"href":"https:\/\/latelierdediablotin.fr\/WordPress3\/wp-json\/wp\/v2\/users\/667"}],"replies":[{"embeddable":true,"href":"https:\/\/latelierdediablotin.fr\/WordPress3\/wp-json\/wp\/v2\/comments?post=48"}],"version-history":[{"count":0,"href":"https:\/\/latelierdediablotin.fr\/WordPress3\/wp-json\/wp\/v2\/pages\/48\/revisions"}],"wp:featuredmedia":[{"embeddable":true,"href":"https:\/\/latelierdediablotin.fr\/WordPress3\/wp-json\/wp\/v2\/media\/17853"}],"wp:attachment":[{"href":"https:\/\/latelierdediablotin.fr\/WordPress3\/wp-json\/wp\/v2\/media?parent=48"}],"curies":[{"name":"wp","href":"https:\/\/api.w.org\/{rel}","templated":true}]}}